{"id":1111,"date":"2020-10-27T12:53:42","date_gmt":"2020-10-27T11:53:42","guid":{"rendered":"https:\/\/www.whistler-radar.eu\/faq\/"},"modified":"2022-05-03T16:44:17","modified_gmt":"2022-05-03T14:44:17","slug":"faq","status":"publish","type":"page","link":"https:\/\/www.whistler-radar.eu\/fr\/faq\/","title":{"rendered":"FAQ"},"content":{"rendered":"\n<div class=\"schema-faq wp-block-yoast-faq-block\"><div class=\"schema-faq-section\" id=\"faq-question-1603799426141\"><strong class=\"schema-faq-question\"><br\/><br\/>Les d\u00e9tecteurs de radars sont-ils l\u00e9gaux ?<br\/><\/strong> <p class=\"schema-faq-answer\">Alors que dans certains pays europ\u00e9ens, la possession et l&rsquo;utilisation d&rsquo;avertisseurs de radars est l\u00e9gale, ou seulement l&rsquo;utilisation de messages radars GPS POI &#8211; en France, les r\u00e8gles sont tr\u00e8s strictes. Toute personne utilisant un d\u00e9tecteur de radar, ou tout autre appareil visant \u00e0 r\u00e9duire voire \u00e0 annuler l\u2019efficacit\u00e9 des radars, est soumise \u00e0 une amende de classe 5. L&rsquo;automobiliste pris en flagrant d\u00e9lit est passible d&rsquo;un retrait de six points sur son permis de conduire, d&rsquo;une suspension du permis de conduire pendant trois ans, ainsi que d&rsquo;une amende de 1\u00a0500 \u20ac.<br\/><\/p> <\/div> <div class=\"schema-faq-section\" id=\"faq-question-1603799544381\"><strong class=\"schema-faq-question\">Comment fonctionne un radar de police ?<br\/><\/strong> <p class=\"schema-faq-answer\">Un pistolet radar de police fonctionne en \u00e9mettant des ondes radio \u00e0 certaines fr\u00e9quences qui se r\u00e9fl\u00e9chissent sur des objets (votre v\u00e9hicule) et sont ensuite capt\u00e9es par la section de r\u00e9ception du pistolet radar. Lorsque les ondes radar se r\u00e9fl\u00e9chissent sur une cible en mouvement, il se produit un d\u00e9calage de fr\u00e9quence mesurable. L&rsquo;appareil radar convertit ce d\u00e9calage en miles par heure pour d\u00e9terminer la vitesse de la cible.<br\/>On utilise deux types de radar de base : le radar fixe et le radar mobile. Le radar stationnaire doit \u00eatre utilis\u00e9 \u00e0 partir d&rsquo;un site statique, g\u00e9n\u00e9ralement une voiture de patrouille gar\u00e9e le long de la route. Avec un radar mobile \u00e0 antenne unique, un agent peut d\u00e9tecter les v\u00e9hicules qui s&rsquo;approchent tout en conduisant sa patrouille. Les radars mobiles dot\u00e9s de deux antennes &#8211; l&rsquo;une orient\u00e9e vers l&rsquo;avant, l&rsquo;autre vers l&rsquo;arri\u00e8re de la voiture de patrouille &#8211; peuvent \u00e9galement rep\u00e9rer des v\u00e9hicules m\u00eame apr\u00e8s leur passage, dans la direction oppos\u00e9e.<br\/><\/p> <\/div> <div class=\"schema-faq-section\" id=\"faq-question-1603799585195\"><strong class=\"schema-faq-question\">Comment fonctionne un d\u00e9tecteur de laser ?<br\/><\/strong> <p class=\"schema-faq-answer\">Laser transmits an invisible light beam at a frequency (actually it transmits a \u00ab\u00a0Wavelength\u00a0\u00bb) of 905 nanometers. A nanometer is how a light wavelength is measured. Same idea applies to a TV signal or radio signal. These signals are measured in hertz &#8211; megahertz to be precise.<br\/>Since laser guns use a specific light frequency or wavelength, it is possible to detect a laser&rsquo;s signature light pulse rates. Different laser guns operate at different light pulse rates. Some competitors call them \u00ab\u00a0bands\u00a0\u00bb. All Whistler radar\/laser detectors receive all current laser guns in use.<br\/>Keep in mind that laser detectors act differently than radar detectors. Since the narrow laser beam produces very little \u00ab\u00a0scatter\u00a0\u00bb- random bits of electromagnetic energy bouncing down the road -it is much harder to detect than a powerful radar gun that blankets the countryside with easily detectable microwave signals. Laser guns operate exclusively in instant-on mode and usually target vehicles at short range. Similar to instant on radar, if you are the target vehicle don&rsquo;t expect much warning. The result is your laser detector usually will offer less advance warning because at 1000 feet the beam is only 3 feet wide and that the officer aims at your license plate or headlights. The distance from where your detector is mounted to the license plate can be greater than 3 feet. This will be outside of the laser beam. If the officer is not steady while targeting vehicles, scatter laser signals can result, giving a possible signal to detect.<\/p> <\/div> <\/div>\n","protected":false},"excerpt":{"rendered":"","protected":false},"author":1,"featured_media":982,"parent":0,"menu_order":0,"comment_status":"closed","ping_status":"closed","template":"","meta":{"_kad_post_transparent":"default","_kad_post_title":"","_kad_post_layout":"left","_kad_post_sidebar_id":"","_kad_post_content_style":"boxed","_kad_post_vertical_padding":"hide","_kad_post_feature":"show","_kad_post_feature_position":"behind","_kad_post_header":false,"_kad_post_footer":false,"_kad_post_classname":"","footnotes":""},"class_list":["post-1111","page","type-page","status-publish","has-post-thumbnail","hentry"],"yoast_head":"<!-- This site is optimized with the Yoast SEO plugin v26.7 - https:\/\/yoast.com\/wordpress\/plugins\/seo\/ -->\n<title>FAQ - WHISTLER RADAR EU<\/title>\n<meta name=\"robots\" content=\"index, follow, max-snippet:-1, max-image-preview:large, max-video-preview:-1\" \/>\n<link rel=\"canonical\" href=\"https:\/\/www.whistler-radar.eu\/fr\/faq\/\" \/>\n<meta property=\"og:locale\" content=\"fr_FR\" \/>\n<meta property=\"og:type\" content=\"article\" \/>\n<meta property=\"og:title\" content=\"FAQ - WHISTLER RADAR EU\" \/>\n<meta property=\"og:url\" content=\"https:\/\/www.whistler-radar.eu\/fr\/faq\/\" \/>\n<meta property=\"og:site_name\" content=\"WHISTLER RADAR EU\" \/>\n<meta property=\"article:modified_time\" content=\"2022-05-03T14:44:17+00:00\" \/>\n<meta property=\"og:image\" content=\"https:\/\/www.whistler-radar.eu\/wp-content\/uploads\/2020\/10\/max-bottinger-lA1v3CUERZw-unsplash-alt.jpg\" \/>\n\t<meta property=\"og:image:width\" content=\"800\" \/>\n\t<meta property=\"og:image:height\" content=\"500\" \/>\n\t<meta property=\"og:image:type\" content=\"image\/jpeg\" \/>\n<meta name=\"twitter:card\" content=\"summary_large_image\" \/>\n<meta name=\"twitter:label1\" content=\"Dur\u00e9e de lecture estim\u00e9e\" \/>\n\t<meta name=\"twitter:data1\" content=\"3 minutes\" \/>\n<script type=\"application\/ld+json\" class=\"yoast-schema-graph\">{\"@context\":\"https:\/\/schema.org\",\"@graph\":[{\"@type\":[\"WebPage\",\"FAQPage\"],\"@id\":\"https:\/\/www.whistler-radar.eu\/fr\/faq\/\",\"url\":\"https:\/\/www.whistler-radar.eu\/fr\/faq\/\",\"name\":\"FAQ - WHISTLER RADAR EU\",\"isPartOf\":{\"@id\":\"https:\/\/www.whistler-radar.eu\/#website\"},\"primaryImageOfPage\":{\"@id\":\"https:\/\/www.whistler-radar.eu\/fr\/faq\/#primaryimage\"},\"image\":{\"@id\":\"https:\/\/www.whistler-radar.eu\/fr\/faq\/#primaryimage\"},\"thumbnailUrl\":\"https:\/\/www.whistler-radar.eu\/wp-content\/uploads\/2020\/10\/max-bottinger-lA1v3CUERZw-unsplash-alt.jpg\",\"datePublished\":\"2020-10-27T11:53:42+00:00\",\"dateModified\":\"2022-05-03T14:44:17+00:00\",\"breadcrumb\":{\"@id\":\"https:\/\/www.whistler-radar.eu\/fr\/faq\/#breadcrumb\"},\"mainEntity\":[{\"@id\":\"https:\/\/www.whistler-radar.eu\/fr\/faq\/#faq-question-1603799426141\"},{\"@id\":\"https:\/\/www.whistler-radar.eu\/fr\/faq\/#faq-question-1603799544381\"},{\"@id\":\"https:\/\/www.whistler-radar.eu\/fr\/faq\/#faq-question-1603799585195\"}],\"inLanguage\":\"fr-FR\",\"potentialAction\":[{\"@type\":\"ReadAction\",\"target\":[\"https:\/\/www.whistler-radar.eu\/fr\/faq\/\"]}]},{\"@type\":\"ImageObject\",\"inLanguage\":\"fr-FR\",\"@id\":\"https:\/\/www.whistler-radar.eu\/fr\/faq\/#primaryimage\",\"url\":\"https:\/\/www.whistler-radar.eu\/wp-content\/uploads\/2020\/10\/max-bottinger-lA1v3CUERZw-unsplash-alt.jpg\",\"contentUrl\":\"https:\/\/www.whistler-radar.eu\/wp-content\/uploads\/2020\/10\/max-bottinger-lA1v3CUERZw-unsplash-alt.jpg\",\"width\":800,\"height\":500},{\"@type\":\"BreadcrumbList\",\"@id\":\"https:\/\/www.whistler-radar.eu\/fr\/faq\/#breadcrumb\",\"itemListElement\":[{\"@type\":\"ListItem\",\"position\":1,\"name\":\"Startseite\",\"item\":\"https:\/\/www.whistler-radar.eu\/fr\/\"},{\"@type\":\"ListItem\",\"position\":2,\"name\":\"FAQ\"}]},{\"@type\":\"WebSite\",\"@id\":\"https:\/\/www.whistler-radar.eu\/#website\",\"url\":\"https:\/\/www.whistler-radar.eu\/\",\"name\":\"WHISTLER RADAR EU\",\"description\":\"\",\"publisher\":{\"@id\":\"https:\/\/www.whistler-radar.eu\/#organization\"},\"potentialAction\":[{\"@type\":\"SearchAction\",\"target\":{\"@type\":\"EntryPoint\",\"urlTemplate\":\"https:\/\/www.whistler-radar.eu\/?s={search_term_string}\"},\"query-input\":{\"@type\":\"PropertyValueSpecification\",\"valueRequired\":true,\"valueName\":\"search_term_string\"}}],\"inLanguage\":\"fr-FR\"},{\"@type\":\"Organization\",\"@id\":\"https:\/\/www.whistler-radar.eu\/#organization\",\"name\":\"WHISTLER RADAR EU\",\"url\":\"https:\/\/www.whistler-radar.eu\/\",\"logo\":{\"@type\":\"ImageObject\",\"inLanguage\":\"fr-FR\",\"@id\":\"https:\/\/www.whistler-radar.eu\/#\/schema\/logo\/image\/\",\"url\":\"https:\/\/www.whistler-radar.eu\/wp-content\/uploads\/2020\/10\/whistler-radar-eu.png\",\"contentUrl\":\"https:\/\/www.whistler-radar.eu\/wp-content\/uploads\/2020\/10\/whistler-radar-eu.png\",\"width\":1024,\"height\":273,\"caption\":\"WHISTLER RADAR EU\"},\"image\":{\"@id\":\"https:\/\/www.whistler-radar.eu\/#\/schema\/logo\/image\/\"}},{\"@type\":\"Question\",\"@id\":\"https:\/\/www.whistler-radar.eu\/fr\/faq\/#faq-question-1603799426141\",\"position\":1,\"url\":\"https:\/\/www.whistler-radar.eu\/fr\/faq\/#faq-question-1603799426141\",\"name\":\"Les d\u00e9tecteurs de radars sont-ils l\u00e9gaux ?\",\"answerCount\":1,\"acceptedAnswer\":{\"@type\":\"Answer\",\"text\":\"Alors que dans certains pays europ\u00e9ens, la possession et l'utilisation d'avertisseurs de radars est l\u00e9gale, ou seulement l'utilisation de messages radars GPS POI - en France, les r\u00e8gles sont tr\u00e8s strictes. Toute personne utilisant un d\u00e9tecteur de radar, ou tout autre appareil visant \u00e0 r\u00e9duire voire \u00e0 annuler l\u2019efficacit\u00e9 des radars, est soumise \u00e0 une amende de classe 5. L'automobiliste pris en flagrant d\u00e9lit est passible d'un retrait de six points sur son permis de conduire, d'une suspension du permis de conduire pendant trois ans, ainsi que d'une amende de 1\u00a0500 \u20ac.<br\/>\",\"inLanguage\":\"fr-FR\"},\"inLanguage\":\"fr-FR\"},{\"@type\":\"Question\",\"@id\":\"https:\/\/www.whistler-radar.eu\/fr\/faq\/#faq-question-1603799544381\",\"position\":2,\"url\":\"https:\/\/www.whistler-radar.eu\/fr\/faq\/#faq-question-1603799544381\",\"name\":\"Comment fonctionne un radar de police ?\",\"answerCount\":1,\"acceptedAnswer\":{\"@type\":\"Answer\",\"text\":\"Un pistolet radar de police fonctionne en \u00e9mettant des ondes radio \u00e0 certaines fr\u00e9quences qui se r\u00e9fl\u00e9chissent sur des objets (votre v\u00e9hicule) et sont ensuite capt\u00e9es par la section de r\u00e9ception du pistolet radar. Lorsque les ondes radar se r\u00e9fl\u00e9chissent sur une cible en mouvement, il se produit un d\u00e9calage de fr\u00e9quence mesurable. L'appareil radar convertit ce d\u00e9calage en miles par heure pour d\u00e9terminer la vitesse de la cible.<br\/>On utilise deux types de radar de base : le radar fixe et le radar mobile. Le radar stationnaire doit \u00eatre utilis\u00e9 \u00e0 partir d'un site statique, g\u00e9n\u00e9ralement une voiture de patrouille gar\u00e9e le long de la route. Avec un radar mobile \u00e0 antenne unique, un agent peut d\u00e9tecter les v\u00e9hicules qui s'approchent tout en conduisant sa patrouille. Les radars mobiles dot\u00e9s de deux antennes - l'une orient\u00e9e vers l'avant, l'autre vers l'arri\u00e8re de la voiture de patrouille - peuvent \u00e9galement rep\u00e9rer des v\u00e9hicules m\u00eame apr\u00e8s leur passage, dans la direction oppos\u00e9e.<br\/>\",\"inLanguage\":\"fr-FR\"},\"inLanguage\":\"fr-FR\"},{\"@type\":\"Question\",\"@id\":\"https:\/\/www.whistler-radar.eu\/fr\/faq\/#faq-question-1603799585195\",\"position\":3,\"url\":\"https:\/\/www.whistler-radar.eu\/fr\/faq\/#faq-question-1603799585195\",\"name\":\"Comment fonctionne un d\u00e9tecteur de laser ?\",\"answerCount\":1,\"acceptedAnswer\":{\"@type\":\"Answer\",\"text\":\"Laser transmits an invisible light beam at a frequency (actually it transmits a \\\"Wavelength\\\") of 905 nanometers. A nanometer is how a light wavelength is measured. Same idea applies to a TV signal or radio signal. These signals are measured in hertz - megahertz to be precise.<br\/>Since laser guns use a specific light frequency or wavelength, it is possible to detect a laser's signature light pulse rates. Different laser guns operate at different light pulse rates. Some competitors call them \\\"bands\\\". All Whistler radar\/laser detectors receive all current laser guns in use.<br\/>Keep in mind that laser detectors act differently than radar detectors. Since the narrow laser beam produces very little \\\"scatter\\\"- random bits of electromagnetic energy bouncing down the road -it is much harder to detect than a powerful radar gun that blankets the countryside with easily detectable microwave signals. Laser guns operate exclusively in instant-on mode and usually target vehicles at short range. Similar to instant on radar, if you are the target vehicle don't expect much warning. The result is your laser detector usually will offer less advance warning because at 1000 feet the beam is only 3 feet wide and that the officer aims at your license plate or headlights. The distance from where your detector is mounted to the license plate can be greater than 3 feet. This will be outside of the laser beam. If the officer is not steady while targeting vehicles, scatter laser signals can result, giving a possible signal to detect.\",\"inLanguage\":\"fr-FR\"},\"inLanguage\":\"fr-FR\"}]}<\/script>\n<!-- \/ Yoast SEO plugin. -->","yoast_head_json":{"title":"FAQ - WHISTLER RADAR EU","robots":{"index":"index","follow":"follow","max-snippet":"max-snippet:-1","max-image-preview":"max-image-preview:large","max-video-preview":"max-video-preview:-1"},"canonical":"https:\/\/www.whistler-radar.eu\/fr\/faq\/","og_locale":"fr_FR","og_type":"article","og_title":"FAQ - WHISTLER RADAR EU","og_url":"https:\/\/www.whistler-radar.eu\/fr\/faq\/","og_site_name":"WHISTLER RADAR EU","article_modified_time":"2022-05-03T14:44:17+00:00","og_image":[{"width":800,"height":500,"url":"https:\/\/www.whistler-radar.eu\/wp-content\/uploads\/2020\/10\/max-bottinger-lA1v3CUERZw-unsplash-alt.jpg","type":"image\/jpeg"}],"twitter_card":"summary_large_image","twitter_misc":{"Dur\u00e9e de lecture estim\u00e9e":"3 minutes"},"schema":{"@context":"https:\/\/schema.org","@graph":[{"@type":["WebPage","FAQPage"],"@id":"https:\/\/www.whistler-radar.eu\/fr\/faq\/","url":"https:\/\/www.whistler-radar.eu\/fr\/faq\/","name":"FAQ - WHISTLER RADAR EU","isPartOf":{"@id":"https:\/\/www.whistler-radar.eu\/#website"},"primaryImageOfPage":{"@id":"https:\/\/www.whistler-radar.eu\/fr\/faq\/#primaryimage"},"image":{"@id":"https:\/\/www.whistler-radar.eu\/fr\/faq\/#primaryimage"},"thumbnailUrl":"https:\/\/www.whistler-radar.eu\/wp-content\/uploads\/2020\/10\/max-bottinger-lA1v3CUERZw-unsplash-alt.jpg","datePublished":"2020-10-27T11:53:42+00:00","dateModified":"2022-05-03T14:44:17+00:00","breadcrumb":{"@id":"https:\/\/www.whistler-radar.eu\/fr\/faq\/#breadcrumb"},"mainEntity":[{"@id":"https:\/\/www.whistler-radar.eu\/fr\/faq\/#faq-question-1603799426141"},{"@id":"https:\/\/www.whistler-radar.eu\/fr\/faq\/#faq-question-1603799544381"},{"@id":"https:\/\/www.whistler-radar.eu\/fr\/faq\/#faq-question-1603799585195"}],"inLanguage":"fr-FR","potentialAction":[{"@type":"ReadAction","target":["https:\/\/www.whistler-radar.eu\/fr\/faq\/"]}]},{"@type":"ImageObject","inLanguage":"fr-FR","@id":"https:\/\/www.whistler-radar.eu\/fr\/faq\/#primaryimage","url":"https:\/\/www.whistler-radar.eu\/wp-content\/uploads\/2020\/10\/max-bottinger-lA1v3CUERZw-unsplash-alt.jpg","contentUrl":"https:\/\/www.whistler-radar.eu\/wp-content\/uploads\/2020\/10\/max-bottinger-lA1v3CUERZw-unsplash-alt.jpg","width":800,"height":500},{"@type":"BreadcrumbList","@id":"https:\/\/www.whistler-radar.eu\/fr\/faq\/#breadcrumb","itemListElement":[{"@type":"ListItem","position":1,"name":"Startseite","item":"https:\/\/www.whistler-radar.eu\/fr\/"},{"@type":"ListItem","position":2,"name":"FAQ"}]},{"@type":"WebSite","@id":"https:\/\/www.whistler-radar.eu\/#website","url":"https:\/\/www.whistler-radar.eu\/","name":"WHISTLER RADAR EU","description":"","publisher":{"@id":"https:\/\/www.whistler-radar.eu\/#organization"},"potentialAction":[{"@type":"SearchAction","target":{"@type":"EntryPoint","urlTemplate":"https:\/\/www.whistler-radar.eu\/?s={search_term_string}"},"query-input":{"@type":"PropertyValueSpecification","valueRequired":true,"valueName":"search_term_string"}}],"inLanguage":"fr-FR"},{"@type":"Organization","@id":"https:\/\/www.whistler-radar.eu\/#organization","name":"WHISTLER RADAR EU","url":"https:\/\/www.whistler-radar.eu\/","logo":{"@type":"ImageObject","inLanguage":"fr-FR","@id":"https:\/\/www.whistler-radar.eu\/#\/schema\/logo\/image\/","url":"https:\/\/www.whistler-radar.eu\/wp-content\/uploads\/2020\/10\/whistler-radar-eu.png","contentUrl":"https:\/\/www.whistler-radar.eu\/wp-content\/uploads\/2020\/10\/whistler-radar-eu.png","width":1024,"height":273,"caption":"WHISTLER RADAR EU"},"image":{"@id":"https:\/\/www.whistler-radar.eu\/#\/schema\/logo\/image\/"}},{"@type":"Question","@id":"https:\/\/www.whistler-radar.eu\/fr\/faq\/#faq-question-1603799426141","position":1,"url":"https:\/\/www.whistler-radar.eu\/fr\/faq\/#faq-question-1603799426141","name":"Les d\u00e9tecteurs de radars sont-ils l\u00e9gaux ?","answerCount":1,"acceptedAnswer":{"@type":"Answer","text":"Alors que dans certains pays europ\u00e9ens, la possession et l'utilisation d'avertisseurs de radars est l\u00e9gale, ou seulement l'utilisation de messages radars GPS POI - en France, les r\u00e8gles sont tr\u00e8s strictes. Toute personne utilisant un d\u00e9tecteur de radar, ou tout autre appareil visant \u00e0 r\u00e9duire voire \u00e0 annuler l\u2019efficacit\u00e9 des radars, est soumise \u00e0 une amende de classe 5. L'automobiliste pris en flagrant d\u00e9lit est passible d'un retrait de six points sur son permis de conduire, d'une suspension du permis de conduire pendant trois ans, ainsi que d'une amende de 1\u00a0500 \u20ac.<br\/>","inLanguage":"fr-FR"},"inLanguage":"fr-FR"},{"@type":"Question","@id":"https:\/\/www.whistler-radar.eu\/fr\/faq\/#faq-question-1603799544381","position":2,"url":"https:\/\/www.whistler-radar.eu\/fr\/faq\/#faq-question-1603799544381","name":"Comment fonctionne un radar de police ?","answerCount":1,"acceptedAnswer":{"@type":"Answer","text":"Un pistolet radar de police fonctionne en \u00e9mettant des ondes radio \u00e0 certaines fr\u00e9quences qui se r\u00e9fl\u00e9chissent sur des objets (votre v\u00e9hicule) et sont ensuite capt\u00e9es par la section de r\u00e9ception du pistolet radar. Lorsque les ondes radar se r\u00e9fl\u00e9chissent sur une cible en mouvement, il se produit un d\u00e9calage de fr\u00e9quence mesurable. L'appareil radar convertit ce d\u00e9calage en miles par heure pour d\u00e9terminer la vitesse de la cible.<br\/>On utilise deux types de radar de base : le radar fixe et le radar mobile. Le radar stationnaire doit \u00eatre utilis\u00e9 \u00e0 partir d'un site statique, g\u00e9n\u00e9ralement une voiture de patrouille gar\u00e9e le long de la route. Avec un radar mobile \u00e0 antenne unique, un agent peut d\u00e9tecter les v\u00e9hicules qui s'approchent tout en conduisant sa patrouille. Les radars mobiles dot\u00e9s de deux antennes - l'une orient\u00e9e vers l'avant, l'autre vers l'arri\u00e8re de la voiture de patrouille - peuvent \u00e9galement rep\u00e9rer des v\u00e9hicules m\u00eame apr\u00e8s leur passage, dans la direction oppos\u00e9e.<br\/>","inLanguage":"fr-FR"},"inLanguage":"fr-FR"},{"@type":"Question","@id":"https:\/\/www.whistler-radar.eu\/fr\/faq\/#faq-question-1603799585195","position":3,"url":"https:\/\/www.whistler-radar.eu\/fr\/faq\/#faq-question-1603799585195","name":"Comment fonctionne un d\u00e9tecteur de laser ?","answerCount":1,"acceptedAnswer":{"@type":"Answer","text":"Laser transmits an invisible light beam at a frequency (actually it transmits a \"Wavelength\") of 905 nanometers. A nanometer is how a light wavelength is measured. Same idea applies to a TV signal or radio signal. These signals are measured in hertz - megahertz to be precise.<br\/>Since laser guns use a specific light frequency or wavelength, it is possible to detect a laser's signature light pulse rates. Different laser guns operate at different light pulse rates. Some competitors call them \"bands\". All Whistler radar\/laser detectors receive all current laser guns in use.<br\/>Keep in mind that laser detectors act differently than radar detectors. Since the narrow laser beam produces very little \"scatter\"- random bits of electromagnetic energy bouncing down the road -it is much harder to detect than a powerful radar gun that blankets the countryside with easily detectable microwave signals. Laser guns operate exclusively in instant-on mode and usually target vehicles at short range. Similar to instant on radar, if you are the target vehicle don't expect much warning. The result is your laser detector usually will offer less advance warning because at 1000 feet the beam is only 3 feet wide and that the officer aims at your license plate or headlights. The distance from where your detector is mounted to the license plate can be greater than 3 feet. This will be outside of the laser beam. If the officer is not steady while targeting vehicles, scatter laser signals can result, giving a possible signal to detect.","inLanguage":"fr-FR"},"inLanguage":"fr-FR"}]}},"_links":{"self":[{"href":"https:\/\/www.whistler-radar.eu\/fr\/wp-json\/wp\/v2\/pages\/1111","targetHints":{"allow":["GET"]}}],"collection":[{"href":"https:\/\/www.whistler-radar.eu\/fr\/wp-json\/wp\/v2\/pages"}],"about":[{"href":"https:\/\/www.whistler-radar.eu\/fr\/wp-json\/wp\/v2\/types\/page"}],"author":[{"embeddable":true,"href":"https:\/\/www.whistler-radar.eu\/fr\/wp-json\/wp\/v2\/users\/1"}],"replies":[{"embeddable":true,"href":"https:\/\/www.whistler-radar.eu\/fr\/wp-json\/wp\/v2\/comments?post=1111"}],"version-history":[{"count":2,"href":"https:\/\/www.whistler-radar.eu\/fr\/wp-json\/wp\/v2\/pages\/1111\/revisions"}],"predecessor-version":[{"id":1116,"href":"https:\/\/www.whistler-radar.eu\/fr\/wp-json\/wp\/v2\/pages\/1111\/revisions\/1116"}],"wp:featuredmedia":[{"embeddable":true,"href":"https:\/\/www.whistler-radar.eu\/fr\/wp-json\/wp\/v2\/media\/982"}],"wp:attachment":[{"href":"https:\/\/www.whistler-radar.eu\/fr\/wp-json\/wp\/v2\/media?parent=1111"}],"curies":[{"name":"wp","href":"https:\/\/api.w.org\/{rel}","templated":true}]}}