{"id":1066,"date":"2022-04-23T16:23:45","date_gmt":"2022-04-23T14:23:45","guid":{"rendered":"https:\/\/www.whistler-radar.eu\/produkt\/whistler-gt-468-gxi\/"},"modified":"2022-05-03T16:30:41","modified_gmt":"2022-05-03T14:30:41","slug":"whistler-gt-468-gxi","status":"publish","type":"product","link":"https:\/\/www.whistler-radar.eu\/fr\/produkt\/whistler-gt-468-gxi\/","title":{"rendered":"WHISTLER GT 468 GXi \u00c9DITION FRANCE"},"content":{"rendered":"<ul>\n<li>PERISCOPES D\u2019ALERTE Les LED sur le dessus de l\u2019unit\u00e9 fournissent une alerte visuelle suppl\u00e9mentaire.<\/li>\n<li>LES ALERTS \u00c0 TONALIT\u00c9 S\u00c9LECTABLE permettent de choisir entre plusieurs tonalit\u00e9s, offrant ainsi des alertes sonores distinctes pour les bandes re\u00e7ues.<\/li>\n<li>COUVERTURE MAXX 360\u00b0 d\u00e9tecte de l\u2019avant, des c\u00f4t\u00e9s et de l\u2019arri\u00e8re.<\/li>\n<li>3 MODES VILLE (Ville, Ville 1, Ville 2) r\u00e9duisent la g\u00eane occasionn\u00e9e par les fausses alertes.<\/li>\n<li>L\u2019objectif \u00e0 haut gain offre un champ de vision plus large, ce qui signifie une meilleure port\u00e9e.<\/li>\n<li>STAY ALERT\u2122 La fonction exclusive de Whistler qui teste votre vigilance lors de longs trajets.<\/li>\n<li>LES MODES DIM \/ DARK r\u00e9duisent l\u2019\u00e9clairage de l\u2019\u00e9cran. En mode sombre, l\u2019\u00e9cran s\u2019\u00e9teint pendant une alerte puis reste \u00e9teint pendant 20 secondes suppl\u00e9mentaires avant de revenir \u00e0 son r\u00e9glage de gradation.<\/li>\n<li>MODES QUIET \/ AUTO QUIET r\u00e9duisent au silence les alertes sonores.<\/li>\n<li>ALERT PRIORITY affiche le signal le plus important lorsque plusieurs alertes sont d\u00e9tect\u00e9es.<\/li>\n<li>SETTING SAVER enregistre les r\u00e9glages personnalis\u00e9s lorsque l\u2019appareil est \u00e9teint.<\/li>\n<li>SELECTABLE VEHICLE BATTERY SAVER vous permet de personnaliser la fonction d\u2019arr\u00eat automatique.<\/li>\n<li>D\u00c9TECTION VG-2 : lorsque cette fonction est activ\u00e9e, l\u2019appareil \u00e9met une alerte au VG-2 lorsqu\u2019il est d\u00e9tect\u00e9.<\/li>\n<\/ul>\n","protected":false},"excerpt":{"rendered":"<ul>\n<li>COUVERTURE MAX 360\u00b0 RADAR &amp; LASER &amp; GPS<\/li>\n<li>MISES \u00c0 JOUR GRATUITES DE LA BASE DE DONN\u00c9ES EUROP\u00c9ENNE<\/li>\n<li>OBJECTIF \u00c0 HAUT GAIN SIFFLEUR STAY ALERT\u2122<\/li>\n<li>\u00c9CONOMISEUR DE R\u00c9GLAGES<\/li>\n<li>D\u00c9TECTION VG-2 PROT\u00c9G\u00c9E<\/li>\n<\/ul>\n","protected":false},"featured_media":992,"comment_status":"open","ping_status":"closed","template":"","meta":{"_kad_post_transparent":"default","_kad_post_title":"","_kad_post_layout":"default","_kad_post_sidebar_id":"","_kad_post_content_style":"default","_kad_post_vertical_padding":"default","_kad_post_feature":"","_kad_post_feature_position":"","_kad_post_header":false,"_kad_post_footer":false,"_kad_post_classname":""},"product_brand":[],"product_cat":[64,63],"product_tag":[],"class_list":{"0":"post-1066","1":"product","2":"type-product","3":"status-publish","4":"has-post-thumbnail","6":"product_cat-detecteurs-de-radar-et-de-laser","7":"product_cat-detecteurs-de-radar-laser-et-poi","9":"first","10":"instock","11":"sale","12":"shipping-taxable","13":"purchasable","14":"product-type-simple","15":"entry","16":"content-bg","17":"loop-entry"},"yoast_head":"<!-- This site is optimized with the Yoast SEO plugin v26.7 - https:\/\/yoast.com\/wordpress\/plugins\/seo\/ -->\n<title>WHISTLER GT 468 GXi \u00c9DITION FRANCE - WHISTLER RADAR EU<\/title>\n<meta name=\"robots\" content=\"index, follow, max-snippet:-1, max-image-preview:large, max-video-preview:-1\" \/>\n<link rel=\"canonical\" href=\"https:\/\/www.whistler-radar.eu\/fr\/produkt\/whistler-gt-468-gxi\/\" \/>\n<meta property=\"og:locale\" content=\"fr_FR\" \/>\n<meta property=\"og:type\" content=\"article\" \/>\n<meta property=\"og:title\" content=\"WHISTLER GT 468 GXi \u00c9DITION FRANCE - WHISTLER RADAR EU\" \/>\n<meta property=\"og:description\" content=\"COUVERTURE MAX 360\u00b0 RADAR &amp; LASER &amp; GPS  MISES \u00c0 JOUR GRATUITES DE LA BASE DE DONN\u00c9ES EUROP\u00c9ENNE  OBJECTIF \u00c0 HAUT GAIN SIFFLEUR STAY ALERT\u2122  \u00c9CONOMISEUR DE R\u00c9GLAGES  D\u00c9TECTION VG-2 PROT\u00c9G\u00c9E\" \/>\n<meta property=\"og:url\" content=\"https:\/\/www.whistler-radar.eu\/fr\/produkt\/whistler-gt-468-gxi\/\" \/>\n<meta property=\"og:site_name\" content=\"WHISTLER RADAR EU\" \/>\n<meta property=\"article:modified_time\" content=\"2022-05-03T14:30:41+00:00\" \/>\n<meta property=\"og:image\" content=\"https:\/\/www.whistler-radar.eu\/wp-content\/uploads\/2020\/10\/GT-468GXi-radar-detector.png\" \/>\n\t<meta property=\"og:image:width\" content=\"480\" \/>\n\t<meta property=\"og:image:height\" content=\"335\" \/>\n\t<meta property=\"og:image:type\" content=\"image\/png\" \/>\n<meta name=\"twitter:card\" content=\"summary_large_image\" \/>\n<meta name=\"twitter:label1\" content=\"Dur\u00e9e de lecture estim\u00e9e\" \/>\n\t<meta name=\"twitter:data1\" content=\"1 minute\" \/>\n<script type=\"application\/ld+json\" class=\"yoast-schema-graph\">{\"@context\":\"https:\/\/schema.org\",\"@graph\":[{\"@type\":\"WebPage\",\"@id\":\"https:\/\/www.whistler-radar.eu\/fr\/produkt\/whistler-gt-468-gxi\/\",\"url\":\"https:\/\/www.whistler-radar.eu\/fr\/produkt\/whistler-gt-468-gxi\/\",\"name\":\"WHISTLER GT 468 GXi \u00c9DITION FRANCE - WHISTLER RADAR EU\",\"isPartOf\":{\"@id\":\"https:\/\/www.whistler-radar.eu\/#website\"},\"primaryImageOfPage\":{\"@id\":\"https:\/\/www.whistler-radar.eu\/fr\/produkt\/whistler-gt-468-gxi\/#primaryimage\"},\"image\":{\"@id\":\"https:\/\/www.whistler-radar.eu\/fr\/produkt\/whistler-gt-468-gxi\/#primaryimage\"},\"thumbnailUrl\":\"https:\/\/www.whistler-radar.eu\/wp-content\/uploads\/2020\/10\/GT-468GXi-radar-detector.png\",\"datePublished\":\"2022-04-23T14:23:45+00:00\",\"dateModified\":\"2022-05-03T14:30:41+00:00\",\"breadcrumb\":{\"@id\":\"https:\/\/www.whistler-radar.eu\/fr\/produkt\/whistler-gt-468-gxi\/#breadcrumb\"},\"inLanguage\":\"fr-FR\",\"potentialAction\":[{\"@type\":\"ReadAction\",\"target\":[\"https:\/\/www.whistler-radar.eu\/fr\/produkt\/whistler-gt-468-gxi\/\"]}]},{\"@type\":\"ImageObject\",\"inLanguage\":\"fr-FR\",\"@id\":\"https:\/\/www.whistler-radar.eu\/fr\/produkt\/whistler-gt-468-gxi\/#primaryimage\",\"url\":\"https:\/\/www.whistler-radar.eu\/wp-content\/uploads\/2020\/10\/GT-468GXi-radar-detector.png\",\"contentUrl\":\"https:\/\/www.whistler-radar.eu\/wp-content\/uploads\/2020\/10\/GT-468GXi-radar-detector.png\",\"width\":480,\"height\":335},{\"@type\":\"BreadcrumbList\",\"@id\":\"https:\/\/www.whistler-radar.eu\/fr\/produkt\/whistler-gt-468-gxi\/#breadcrumb\",\"itemListElement\":[{\"@type\":\"ListItem\",\"position\":1,\"name\":\"Startseite\",\"item\":\"https:\/\/www.whistler-radar.eu\/fr\/\"},{\"@type\":\"ListItem\",\"position\":2,\"name\":\"Boutique\",\"item\":\"https:\/\/www.whistler-radar.eu\/fr\/boutique\/\"},{\"@type\":\"ListItem\",\"position\":3,\"name\":\"WHISTLER GT 468 GXi \u00c9DITION FRANCE\"}]},{\"@type\":\"WebSite\",\"@id\":\"https:\/\/www.whistler-radar.eu\/#website\",\"url\":\"https:\/\/www.whistler-radar.eu\/\",\"name\":\"WHISTLER RADAR EU\",\"description\":\"\",\"publisher\":{\"@id\":\"https:\/\/www.whistler-radar.eu\/#organization\"},\"potentialAction\":[{\"@type\":\"SearchAction\",\"target\":{\"@type\":\"EntryPoint\",\"urlTemplate\":\"https:\/\/www.whistler-radar.eu\/?s={search_term_string}\"},\"query-input\":{\"@type\":\"PropertyValueSpecification\",\"valueRequired\":true,\"valueName\":\"search_term_string\"}}],\"inLanguage\":\"fr-FR\"},{\"@type\":\"Organization\",\"@id\":\"https:\/\/www.whistler-radar.eu\/#organization\",\"name\":\"WHISTLER RADAR EU\",\"url\":\"https:\/\/www.whistler-radar.eu\/\",\"logo\":{\"@type\":\"ImageObject\",\"inLanguage\":\"fr-FR\",\"@id\":\"https:\/\/www.whistler-radar.eu\/#\/schema\/logo\/image\/\",\"url\":\"https:\/\/www.whistler-radar.eu\/wp-content\/uploads\/2020\/10\/whistler-radar-eu.png\",\"contentUrl\":\"https:\/\/www.whistler-radar.eu\/wp-content\/uploads\/2020\/10\/whistler-radar-eu.png\",\"width\":1024,\"height\":273,\"caption\":\"WHISTLER RADAR EU\"},\"image\":{\"@id\":\"https:\/\/www.whistler-radar.eu\/#\/schema\/logo\/image\/\"}}]}<\/script>\n<!-- \/ Yoast SEO plugin. -->","yoast_head_json":{"title":"WHISTLER GT 468 GXi \u00c9DITION FRANCE - WHISTLER RADAR EU","robots":{"index":"index","follow":"follow","max-snippet":"max-snippet:-1","max-image-preview":"max-image-preview:large","max-video-preview":"max-video-preview:-1"},"canonical":"https:\/\/www.whistler-radar.eu\/fr\/produkt\/whistler-gt-468-gxi\/","og_locale":"fr_FR","og_type":"article","og_title":"WHISTLER GT 468 GXi \u00c9DITION FRANCE - WHISTLER RADAR EU","og_description":"COUVERTURE MAX 360\u00b0 RADAR &amp; LASER &amp; GPS  MISES \u00c0 JOUR GRATUITES DE LA BASE DE DONN\u00c9ES EUROP\u00c9ENNE  OBJECTIF \u00c0 HAUT GAIN SIFFLEUR STAY ALERT\u2122  \u00c9CONOMISEUR DE R\u00c9GLAGES  D\u00c9TECTION VG-2 PROT\u00c9G\u00c9E","og_url":"https:\/\/www.whistler-radar.eu\/fr\/produkt\/whistler-gt-468-gxi\/","og_site_name":"WHISTLER RADAR EU","article_modified_time":"2022-05-03T14:30:41+00:00","og_image":[{"width":480,"height":335,"url":"https:\/\/www.whistler-radar.eu\/wp-content\/uploads\/2020\/10\/GT-468GXi-radar-detector.png","type":"image\/png"}],"twitter_card":"summary_large_image","twitter_misc":{"Dur\u00e9e de lecture estim\u00e9e":"1 minute"},"schema":{"@context":"https:\/\/schema.org","@graph":[{"@type":"WebPage","@id":"https:\/\/www.whistler-radar.eu\/fr\/produkt\/whistler-gt-468-gxi\/","url":"https:\/\/www.whistler-radar.eu\/fr\/produkt\/whistler-gt-468-gxi\/","name":"WHISTLER GT 468 GXi \u00c9DITION FRANCE - WHISTLER RADAR EU","isPartOf":{"@id":"https:\/\/www.whistler-radar.eu\/#website"},"primaryImageOfPage":{"@id":"https:\/\/www.whistler-radar.eu\/fr\/produkt\/whistler-gt-468-gxi\/#primaryimage"},"image":{"@id":"https:\/\/www.whistler-radar.eu\/fr\/produkt\/whistler-gt-468-gxi\/#primaryimage"},"thumbnailUrl":"https:\/\/www.whistler-radar.eu\/wp-content\/uploads\/2020\/10\/GT-468GXi-radar-detector.png","datePublished":"2022-04-23T14:23:45+00:00","dateModified":"2022-05-03T14:30:41+00:00","breadcrumb":{"@id":"https:\/\/www.whistler-radar.eu\/fr\/produkt\/whistler-gt-468-gxi\/#breadcrumb"},"inLanguage":"fr-FR","potentialAction":[{"@type":"ReadAction","target":["https:\/\/www.whistler-radar.eu\/fr\/produkt\/whistler-gt-468-gxi\/"]}]},{"@type":"ImageObject","inLanguage":"fr-FR","@id":"https:\/\/www.whistler-radar.eu\/fr\/produkt\/whistler-gt-468-gxi\/#primaryimage","url":"https:\/\/www.whistler-radar.eu\/wp-content\/uploads\/2020\/10\/GT-468GXi-radar-detector.png","contentUrl":"https:\/\/www.whistler-radar.eu\/wp-content\/uploads\/2020\/10\/GT-468GXi-radar-detector.png","width":480,"height":335},{"@type":"BreadcrumbList","@id":"https:\/\/www.whistler-radar.eu\/fr\/produkt\/whistler-gt-468-gxi\/#breadcrumb","itemListElement":[{"@type":"ListItem","position":1,"name":"Startseite","item":"https:\/\/www.whistler-radar.eu\/fr\/"},{"@type":"ListItem","position":2,"name":"Boutique","item":"https:\/\/www.whistler-radar.eu\/fr\/boutique\/"},{"@type":"ListItem","position":3,"name":"WHISTLER GT 468 GXi \u00c9DITION FRANCE"}]},{"@type":"WebSite","@id":"https:\/\/www.whistler-radar.eu\/#website","url":"https:\/\/www.whistler-radar.eu\/","name":"WHISTLER RADAR EU","description":"","publisher":{"@id":"https:\/\/www.whistler-radar.eu\/#organization"},"potentialAction":[{"@type":"SearchAction","target":{"@type":"EntryPoint","urlTemplate":"https:\/\/www.whistler-radar.eu\/?s={search_term_string}"},"query-input":{"@type":"PropertyValueSpecification","valueRequired":true,"valueName":"search_term_string"}}],"inLanguage":"fr-FR"},{"@type":"Organization","@id":"https:\/\/www.whistler-radar.eu\/#organization","name":"WHISTLER RADAR EU","url":"https:\/\/www.whistler-radar.eu\/","logo":{"@type":"ImageObject","inLanguage":"fr-FR","@id":"https:\/\/www.whistler-radar.eu\/#\/schema\/logo\/image\/","url":"https:\/\/www.whistler-radar.eu\/wp-content\/uploads\/2020\/10\/whistler-radar-eu.png","contentUrl":"https:\/\/www.whistler-radar.eu\/wp-content\/uploads\/2020\/10\/whistler-radar-eu.png","width":1024,"height":273,"caption":"WHISTLER RADAR EU"},"image":{"@id":"https:\/\/www.whistler-radar.eu\/#\/schema\/logo\/image\/"}}]}},"_links":{"self":[{"href":"https:\/\/www.whistler-radar.eu\/fr\/wp-json\/wp\/v2\/product\/1066","targetHints":{"allow":["GET"]}}],"collection":[{"href":"https:\/\/www.whistler-radar.eu\/fr\/wp-json\/wp\/v2\/product"}],"about":[{"href":"https:\/\/www.whistler-radar.eu\/fr\/wp-json\/wp\/v2\/types\/product"}],"replies":[{"embeddable":true,"href":"https:\/\/www.whistler-radar.eu\/fr\/wp-json\/wp\/v2\/comments?post=1066"}],"wp:featuredmedia":[{"embeddable":true,"href":"https:\/\/www.whistler-radar.eu\/fr\/wp-json\/wp\/v2\/media\/992"}],"wp:attachment":[{"href":"https:\/\/www.whistler-radar.eu\/fr\/wp-json\/wp\/v2\/media?parent=1066"}],"wp:term":[{"taxonomy":"product_brand","embeddable":true,"href":"https:\/\/www.whistler-radar.eu\/fr\/wp-json\/wp\/v2\/product_brand?post=1066"},{"taxonomy":"product_cat","embeddable":true,"href":"https:\/\/www.whistler-radar.eu\/fr\/wp-json\/wp\/v2\/product_cat?post=1066"},{"taxonomy":"product_tag","embeddable":true,"href":"https:\/\/www.whistler-radar.eu\/fr\/wp-json\/wp\/v2\/product_tag?post=1066"}],"curies":[{"name":"wp","href":"https:\/\/api.w.org\/{rel}","templated":true}]}}