{"id":1073,"date":"2020-10-27T08:38:02","date_gmt":"2020-10-27T07:38:02","guid":{"rendered":"https:\/\/www.whistler-radar.eu\/produkt\/whistler-gt-268xi\/"},"modified":"2023-08-15T19:41:18","modified_gmt":"2023-08-15T17:41:18","slug":"whistler-gt-268xi","status":"publish","type":"product","link":"https:\/\/www.whistler-radar.eu\/fr\/produkt\/whistler-gt-268xi\/","title":{"rendered":"WHISTLER GT-268Xi \u00c9DITION FRANCE"},"content":{"rendered":"<ul>\n<li>Le syst\u00e8me FDSR (Field Disturbance Sensor Rejection) combat les fausses alertes caus\u00e9es par les syst\u00e8mes de pr\u00e9vention des collisions et de d\u00e9tection des angles morts dans les v\u00e9hicules r\u00e9cents.<\/li>\n<li>TFSR (Traffic Flow Sensor Rejection) aide \u00e0 \u00e9liminer les alertes provenant des capteurs de flux de trafic bas\u00e9s sur un radar.<\/li>\n<li>L&rsquo;AFFICHAGE NUM\u00c9RIQUE PAR IC\u00d4NES fournit des symboles visuels distincts des alertes d\u00e9tect\u00e9es et des modes engag\u00e9s. L&rsquo;intensit\u00e9 du signal est indiqu\u00e9e par un chiffre (1-9).<\/li>\n<li>Le MODE Ka NARROW ne recherche que les fr\u00e9quences Ka suivantes : 34,0 GHz et 34,3 GHz<\/li>\n<li>D\u00c9TECTIONNE LES PISTOLET LASER EUROP\u00c9ENS (Traffipatrol XR, Riegl, Jenoptik, Laveg, Truspeed et autres).<\/li>\n<li>MODES LASER SELECTABLES permettant la s\u00e9lection de plusieurs segments de fr\u00e9quence d&rsquo;impulsion, y compris TRAFFIPATROL XR, LISD et les pistolets laser avec MODES STEALTH.<\/li>\n<li>MODES DE FILTRE X\/K Offrent des niveaux suppl\u00e9mentaires de rejet pour r\u00e9duire les fausses alertes caus\u00e9es par les syst\u00e8mes de surveillance du trafic par radar, y compris l&rsquo;assistant de changement de voie bas\u00e9 sur le radar.<\/li>\n<li>Les MODES FILTRE Ka offrent plusieurs niveaux de traitement du signal pour r\u00e9duire les fausses alertes caus\u00e9es par certains d\u00e9tecteurs de radars<br \/>\nL&rsquo;identifiant de signature laser exclusif WHISTLER (LSID) indique les impulsions par seconde (PPS) transmises par le laser de vitesse ou d&rsquo;autres formes de sources laser.<\/li>\n<li>D\u00c9TECTION DU MODE POP\u2122 : capacit\u00e9 avanc\u00e9e de d\u00e9tection de la vitesse r\u00e9pondant \u00e0 de brefs \u00e9clats de radar.<\/li>\n<li>PERISCOPES D&rsquo;ALERTE Les LED sur le dessus de l&rsquo;unit\u00e9 fournissent une alerte visuelle suppl\u00e9mentaire.<\/li>\n<li>COUVERTURE MAXX 360\u00b0 d\u00e9tecte l&rsquo;avant, les c\u00f4t\u00e9s et l&rsquo;arri\u00e8re.<\/li>\n<li>3 MODES VILLE (Ville, Ville 1, Ville 2) r\u00e9duisent la g\u00eane occasionn\u00e9e par les fausses alertes.<\/li>\n<li>L&rsquo;OBJECTIF HAUT GAIN offre un champ de vision plus large, ce qui signifie une meilleure port\u00e9e.<\/li>\n<li>LES ALERTS TONIQUES fournissent des alertes sonores pour les bandes re\u00e7ues.<\/li>\n<li>STAY ALERT\u2122 La fonction exclusive de Whistler qui teste votre vigilance lors de longs voyages.<\/li>\n<li>DIM \/ DARK MODES r\u00e9duit l&rsquo;\u00e9clairage de l&rsquo;\u00e9cran.<\/li>\n<li>MODES QUIET \/ AUTO QUIET r\u00e9duisent au silence les alertes audio<\/li>\n<li>ALERT PRIORITY affiche le signal le plus important lorsque plusieurs sont d\u00e9tect\u00e9s.<\/li>\n<li>SETTING SAVER enregistre les r\u00e9glages personnalis\u00e9s lorsque l&rsquo;appareil est \u00e9teint.<\/li>\n<li>L&rsquo;\u00c9CONOMISEUR DE BATTERIE DE V\u00c9HICULE \u00e9teint automatiquement votre d\u00e9tecteur si vous oubliez de l&rsquo;\u00e9teindre.<\/li>\n<li>D\u00c9TECTION VG-2 : lorsque cette fonction est activ\u00e9e, l&rsquo;appareil \u00e9met une alerte VG-2 lorsqu&rsquo;il est d\u00e9tect\u00e9.<\/li>\n<\/ul>\n","protected":false},"excerpt":{"rendered":"<p>Le syst\u00e8me FDSR (Field Disturbance Sensor Rejection) combat les fausses alertes caus\u00e9es par les syst\u00e8mes de pr\u00e9vention des collisions et de d\u00e9tection des angles morts dans les v\u00e9hicules r\u00e9cents. TFSR (Traffic Flow Sensor Rejection) aide \u00e0 \u00e9liminer les alertes provenant des capteurs de flux de trafic bas\u00e9s sur un radar. L&rsquo;AFFICHAGE NUM\u00c9RIQUE PAR IC\u00d4NES fournit&#8230;<\/p>\n","protected":false},"featured_media":996,"comment_status":"open","ping_status":"closed","template":"","meta":{"_kad_post_transparent":"default","_kad_post_title":"","_kad_post_layout":"default","_kad_post_sidebar_id":"","_kad_post_content_style":"default","_kad_post_vertical_padding":"default","_kad_post_feature":"","_kad_post_feature_position":"","_kad_post_header":false,"_kad_post_footer":false,"_kad_post_classname":""},"product_brand":[],"product_cat":[64],"product_tag":[],"class_list":{"0":"post-1073","1":"product","2":"type-product","3":"status-publish","4":"has-post-thumbnail","6":"product_cat-detecteurs-de-radar-et-de-laser","8":"first","9":"instock","10":"sale","11":"shipping-taxable","12":"purchasable","13":"product-type-simple","14":"entry","15":"content-bg","16":"loop-entry"},"yoast_head":"<!-- This site is optimized with the Yoast SEO plugin v26.7 - https:\/\/yoast.com\/wordpress\/plugins\/seo\/ -->\n<title>WHISTLER GT-268Xi \u00c9DITION FRANCE - WHISTLER RADAR EU<\/title>\n<meta name=\"robots\" content=\"index, follow, max-snippet:-1, max-image-preview:large, max-video-preview:-1\" \/>\n<link rel=\"canonical\" href=\"https:\/\/www.whistler-radar.eu\/fr\/produkt\/whistler-gt-268xi\/\" \/>\n<meta property=\"og:locale\" content=\"fr_FR\" \/>\n<meta property=\"og:type\" content=\"article\" \/>\n<meta property=\"og:title\" content=\"WHISTLER GT-268Xi \u00c9DITION FRANCE - WHISTLER RADAR EU\" \/>\n<meta property=\"og:description\" content=\"Le syst\u00e8me FDSR (Field Disturbance Sensor Rejection) combat les fausses alertes caus\u00e9es par les syst\u00e8mes de pr\u00e9vention des collisions et de d\u00e9tection des angles morts dans les v\u00e9hicules r\u00e9cents. TFSR (Traffic Flow Sensor Rejection) aide \u00e0 \u00e9liminer les alertes provenant des capteurs de flux de trafic bas\u00e9s sur un radar. L&rsquo;AFFICHAGE NUM\u00c9RIQUE PAR IC\u00d4NES fournit...\" \/>\n<meta property=\"og:url\" content=\"https:\/\/www.whistler-radar.eu\/fr\/produkt\/whistler-gt-268xi\/\" \/>\n<meta property=\"og:site_name\" content=\"WHISTLER RADAR EU\" \/>\n<meta property=\"article:modified_time\" content=\"2023-08-15T17:41:18+00:00\" \/>\n<meta property=\"og:image\" content=\"https:\/\/www.whistler-radar.eu\/wp-content\/uploads\/2020\/10\/WHISTLER-GT-268Xi.jpg\" \/>\n\t<meta property=\"og:image:width\" content=\"600\" \/>\n\t<meta property=\"og:image:height\" content=\"600\" \/>\n\t<meta property=\"og:image:type\" content=\"image\/jpeg\" \/>\n<meta name=\"twitter:card\" content=\"summary_large_image\" \/>\n<meta name=\"twitter:label1\" content=\"Dur\u00e9e de lecture estim\u00e9e\" \/>\n\t<meta name=\"twitter:data1\" content=\"2 minutes\" \/>\n<script type=\"application\/ld+json\" class=\"yoast-schema-graph\">{\"@context\":\"https:\/\/schema.org\",\"@graph\":[{\"@type\":\"WebPage\",\"@id\":\"https:\/\/www.whistler-radar.eu\/fr\/produkt\/whistler-gt-268xi\/\",\"url\":\"https:\/\/www.whistler-radar.eu\/fr\/produkt\/whistler-gt-268xi\/\",\"name\":\"WHISTLER GT-268Xi \u00c9DITION FRANCE - WHISTLER RADAR EU\",\"isPartOf\":{\"@id\":\"https:\/\/www.whistler-radar.eu\/#website\"},\"primaryImageOfPage\":{\"@id\":\"https:\/\/www.whistler-radar.eu\/fr\/produkt\/whistler-gt-268xi\/#primaryimage\"},\"image\":{\"@id\":\"https:\/\/www.whistler-radar.eu\/fr\/produkt\/whistler-gt-268xi\/#primaryimage\"},\"thumbnailUrl\":\"https:\/\/www.whistler-radar.eu\/wp-content\/uploads\/2020\/10\/WHISTLER-GT-268Xi.jpg\",\"datePublished\":\"2020-10-27T07:38:02+00:00\",\"dateModified\":\"2023-08-15T17:41:18+00:00\",\"breadcrumb\":{\"@id\":\"https:\/\/www.whistler-radar.eu\/fr\/produkt\/whistler-gt-268xi\/#breadcrumb\"},\"inLanguage\":\"fr-FR\",\"potentialAction\":[{\"@type\":\"ReadAction\",\"target\":[\"https:\/\/www.whistler-radar.eu\/fr\/produkt\/whistler-gt-268xi\/\"]}]},{\"@type\":\"ImageObject\",\"inLanguage\":\"fr-FR\",\"@id\":\"https:\/\/www.whistler-radar.eu\/fr\/produkt\/whistler-gt-268xi\/#primaryimage\",\"url\":\"https:\/\/www.whistler-radar.eu\/wp-content\/uploads\/2020\/10\/WHISTLER-GT-268Xi.jpg\",\"contentUrl\":\"https:\/\/www.whistler-radar.eu\/wp-content\/uploads\/2020\/10\/WHISTLER-GT-268Xi.jpg\",\"width\":600,\"height\":600},{\"@type\":\"BreadcrumbList\",\"@id\":\"https:\/\/www.whistler-radar.eu\/fr\/produkt\/whistler-gt-268xi\/#breadcrumb\",\"itemListElement\":[{\"@type\":\"ListItem\",\"position\":1,\"name\":\"Startseite\",\"item\":\"https:\/\/www.whistler-radar.eu\/fr\/\"},{\"@type\":\"ListItem\",\"position\":2,\"name\":\"Boutique\",\"item\":\"https:\/\/www.whistler-radar.eu\/fr\/boutique\/\"},{\"@type\":\"ListItem\",\"position\":3,\"name\":\"WHISTLER GT-268Xi \u00c9DITION FRANCE\"}]},{\"@type\":\"WebSite\",\"@id\":\"https:\/\/www.whistler-radar.eu\/#website\",\"url\":\"https:\/\/www.whistler-radar.eu\/\",\"name\":\"WHISTLER RADAR EU\",\"description\":\"\",\"publisher\":{\"@id\":\"https:\/\/www.whistler-radar.eu\/#organization\"},\"potentialAction\":[{\"@type\":\"SearchAction\",\"target\":{\"@type\":\"EntryPoint\",\"urlTemplate\":\"https:\/\/www.whistler-radar.eu\/?s={search_term_string}\"},\"query-input\":{\"@type\":\"PropertyValueSpecification\",\"valueRequired\":true,\"valueName\":\"search_term_string\"}}],\"inLanguage\":\"fr-FR\"},{\"@type\":\"Organization\",\"@id\":\"https:\/\/www.whistler-radar.eu\/#organization\",\"name\":\"WHISTLER RADAR EU\",\"url\":\"https:\/\/www.whistler-radar.eu\/\",\"logo\":{\"@type\":\"ImageObject\",\"inLanguage\":\"fr-FR\",\"@id\":\"https:\/\/www.whistler-radar.eu\/#\/schema\/logo\/image\/\",\"url\":\"https:\/\/www.whistler-radar.eu\/wp-content\/uploads\/2020\/10\/whistler-radar-eu.png\",\"contentUrl\":\"https:\/\/www.whistler-radar.eu\/wp-content\/uploads\/2020\/10\/whistler-radar-eu.png\",\"width\":1024,\"height\":273,\"caption\":\"WHISTLER RADAR EU\"},\"image\":{\"@id\":\"https:\/\/www.whistler-radar.eu\/#\/schema\/logo\/image\/\"}}]}<\/script>\n<!-- \/ Yoast SEO plugin. -->","yoast_head_json":{"title":"WHISTLER GT-268Xi \u00c9DITION FRANCE - WHISTLER RADAR EU","robots":{"index":"index","follow":"follow","max-snippet":"max-snippet:-1","max-image-preview":"max-image-preview:large","max-video-preview":"max-video-preview:-1"},"canonical":"https:\/\/www.whistler-radar.eu\/fr\/produkt\/whistler-gt-268xi\/","og_locale":"fr_FR","og_type":"article","og_title":"WHISTLER GT-268Xi \u00c9DITION FRANCE - WHISTLER RADAR EU","og_description":"Le syst\u00e8me FDSR (Field Disturbance Sensor Rejection) combat les fausses alertes caus\u00e9es par les syst\u00e8mes de pr\u00e9vention des collisions et de d\u00e9tection des angles morts dans les v\u00e9hicules r\u00e9cents. TFSR (Traffic Flow Sensor Rejection) aide \u00e0 \u00e9liminer les alertes provenant des capteurs de flux de trafic bas\u00e9s sur un radar. L&rsquo;AFFICHAGE NUM\u00c9RIQUE PAR IC\u00d4NES fournit...","og_url":"https:\/\/www.whistler-radar.eu\/fr\/produkt\/whistler-gt-268xi\/","og_site_name":"WHISTLER RADAR EU","article_modified_time":"2023-08-15T17:41:18+00:00","og_image":[{"width":600,"height":600,"url":"https:\/\/www.whistler-radar.eu\/wp-content\/uploads\/2020\/10\/WHISTLER-GT-268Xi.jpg","type":"image\/jpeg"}],"twitter_card":"summary_large_image","twitter_misc":{"Dur\u00e9e de lecture estim\u00e9e":"2 minutes"},"schema":{"@context":"https:\/\/schema.org","@graph":[{"@type":"WebPage","@id":"https:\/\/www.whistler-radar.eu\/fr\/produkt\/whistler-gt-268xi\/","url":"https:\/\/www.whistler-radar.eu\/fr\/produkt\/whistler-gt-268xi\/","name":"WHISTLER GT-268Xi \u00c9DITION FRANCE - WHISTLER RADAR EU","isPartOf":{"@id":"https:\/\/www.whistler-radar.eu\/#website"},"primaryImageOfPage":{"@id":"https:\/\/www.whistler-radar.eu\/fr\/produkt\/whistler-gt-268xi\/#primaryimage"},"image":{"@id":"https:\/\/www.whistler-radar.eu\/fr\/produkt\/whistler-gt-268xi\/#primaryimage"},"thumbnailUrl":"https:\/\/www.whistler-radar.eu\/wp-content\/uploads\/2020\/10\/WHISTLER-GT-268Xi.jpg","datePublished":"2020-10-27T07:38:02+00:00","dateModified":"2023-08-15T17:41:18+00:00","breadcrumb":{"@id":"https:\/\/www.whistler-radar.eu\/fr\/produkt\/whistler-gt-268xi\/#breadcrumb"},"inLanguage":"fr-FR","potentialAction":[{"@type":"ReadAction","target":["https:\/\/www.whistler-radar.eu\/fr\/produkt\/whistler-gt-268xi\/"]}]},{"@type":"ImageObject","inLanguage":"fr-FR","@id":"https:\/\/www.whistler-radar.eu\/fr\/produkt\/whistler-gt-268xi\/#primaryimage","url":"https:\/\/www.whistler-radar.eu\/wp-content\/uploads\/2020\/10\/WHISTLER-GT-268Xi.jpg","contentUrl":"https:\/\/www.whistler-radar.eu\/wp-content\/uploads\/2020\/10\/WHISTLER-GT-268Xi.jpg","width":600,"height":600},{"@type":"BreadcrumbList","@id":"https:\/\/www.whistler-radar.eu\/fr\/produkt\/whistler-gt-268xi\/#breadcrumb","itemListElement":[{"@type":"ListItem","position":1,"name":"Startseite","item":"https:\/\/www.whistler-radar.eu\/fr\/"},{"@type":"ListItem","position":2,"name":"Boutique","item":"https:\/\/www.whistler-radar.eu\/fr\/boutique\/"},{"@type":"ListItem","position":3,"name":"WHISTLER GT-268Xi \u00c9DITION FRANCE"}]},{"@type":"WebSite","@id":"https:\/\/www.whistler-radar.eu\/#website","url":"https:\/\/www.whistler-radar.eu\/","name":"WHISTLER RADAR EU","description":"","publisher":{"@id":"https:\/\/www.whistler-radar.eu\/#organization"},"potentialAction":[{"@type":"SearchAction","target":{"@type":"EntryPoint","urlTemplate":"https:\/\/www.whistler-radar.eu\/?s={search_term_string}"},"query-input":{"@type":"PropertyValueSpecification","valueRequired":true,"valueName":"search_term_string"}}],"inLanguage":"fr-FR"},{"@type":"Organization","@id":"https:\/\/www.whistler-radar.eu\/#organization","name":"WHISTLER RADAR EU","url":"https:\/\/www.whistler-radar.eu\/","logo":{"@type":"ImageObject","inLanguage":"fr-FR","@id":"https:\/\/www.whistler-radar.eu\/#\/schema\/logo\/image\/","url":"https:\/\/www.whistler-radar.eu\/wp-content\/uploads\/2020\/10\/whistler-radar-eu.png","contentUrl":"https:\/\/www.whistler-radar.eu\/wp-content\/uploads\/2020\/10\/whistler-radar-eu.png","width":1024,"height":273,"caption":"WHISTLER RADAR EU"},"image":{"@id":"https:\/\/www.whistler-radar.eu\/#\/schema\/logo\/image\/"}}]}},"_links":{"self":[{"href":"https:\/\/www.whistler-radar.eu\/fr\/wp-json\/wp\/v2\/product\/1073","targetHints":{"allow":["GET"]}}],"collection":[{"href":"https:\/\/www.whistler-radar.eu\/fr\/wp-json\/wp\/v2\/product"}],"about":[{"href":"https:\/\/www.whistler-radar.eu\/fr\/wp-json\/wp\/v2\/types\/product"}],"replies":[{"embeddable":true,"href":"https:\/\/www.whistler-radar.eu\/fr\/wp-json\/wp\/v2\/comments?post=1073"}],"wp:featuredmedia":[{"embeddable":true,"href":"https:\/\/www.whistler-radar.eu\/fr\/wp-json\/wp\/v2\/media\/996"}],"wp:attachment":[{"href":"https:\/\/www.whistler-radar.eu\/fr\/wp-json\/wp\/v2\/media?parent=1073"}],"wp:term":[{"taxonomy":"product_brand","embeddable":true,"href":"https:\/\/www.whistler-radar.eu\/fr\/wp-json\/wp\/v2\/product_brand?post=1073"},{"taxonomy":"product_cat","embeddable":true,"href":"https:\/\/www.whistler-radar.eu\/fr\/wp-json\/wp\/v2\/product_cat?post=1073"},{"taxonomy":"product_tag","embeddable":true,"href":"https:\/\/www.whistler-radar.eu\/fr\/wp-json\/wp\/v2\/product_tag?post=1073"}],"curies":[{"name":"wp","href":"https:\/\/api.w.org\/{rel}","templated":true}]}}