{"id":1075,"date":"2020-10-02T01:02:45","date_gmt":"2020-10-01T23:02:45","guid":{"rendered":"https:\/\/www.whistler-radar.eu\/produkt\/whistler-gt-138-xi-euro\/"},"modified":"2024-11-16T15:35:55","modified_gmt":"2024-11-16T14:35:55","slug":"whistler-gt-138-xi-euro","status":"publish","type":"product","link":"https:\/\/www.whistler-radar.eu\/fr\/produkt\/whistler-gt-138-xi-euro\/","title":{"rendered":"WHISTLER GT-138 XI \u00c9DITION FRANCE"},"content":{"rendered":"<ul>\n<li>NOUVEAU : Le Whistler GT 138 Xi est le successeur am\u00e9lior\u00e9 du tr\u00e8s populaire Whistler GT-130 Xi Europe.<\/li>\n<li>D\u00e9tecteur de radar\/laser con\u00e7u et d\u00e9velopp\u00e9 pour \u00eatre utilis\u00e9 dans toute l&rsquo;Europe<\/li>\n<li>Balayage de toutes les fr\u00e9quences radar connues (K, KA, X et laser)<\/li>\n<li>Excellent rapport qualit\u00e9-prix<\/li>\n<li>L&rsquo;\u00e9cran affiche diff\u00e9rentes ic\u00f4nes en fonction de la bande radar re\u00e7ue<\/li>\n<li>Mode Ka \u00e9troit pour les fr\u00e9quences Ka n\u00e9cessaires de l&rsquo;UE : 34,0 GHz et 34,3 GHz<\/li>\n<li>Scanne les pistolets laser europ\u00e9ens (Traffi patrol XR, Riegl, Jenoptik, Laveg, Truspeed et autres)<\/li>\n<li>Echantillonnage en mode POP\u2122 (non n\u00e9cessaire en DE\/AT)<\/li>\n<li>Couverture maximale de 360\u00b0 \u00e0 l&rsquo;avant, sur les c\u00f4t\u00e9s et \u00e0 l&rsquo;arri\u00e8re<\/li>\n<li>3 modes de ville (City, City 1, City 2) r\u00e9duisent les perturbations caus\u00e9es par les fausses alarmes.<\/li>\n<li>Le mode Dim \/ Dark r\u00e9duit la luminosit\u00e9 de l&rsquo;affichage.<\/li>\n<li>Mode sombre, pour une indication de l&rsquo;\u00e9cran uniquement en cas d&rsquo;alarme.<\/li>\n<li>Diff\u00e9rentes alarmes sonores en fonction de la bande radar re\u00e7ue<\/li>\n<li><\/li>\n<li>Modes silencieux \/ silencieux voiture<\/li>\n<li>Priorit\u00e9 d&rsquo;alerte &#8211; selon l&rsquo;importance Affiche l&rsquo;alarme la plus importante en premier<\/li>\n<li>Protection \u00e0 360\u00b0 (balayage avant, lat\u00e9ral et arri\u00e8re)<\/li>\n<li>Modes silencieux \/ AutoQuiet (r\u00e9duit l&rsquo;alarme acoustique alors que l&rsquo;alarme optique est toujours active)<\/li>\n<li>Mode ville (r\u00e9duit la g\u00eane occasionn\u00e9e par les fausses alarmes)<\/li>\n<li>Contr\u00f4le du volume<\/li>\n<li>S\u00e9quence de d\u00e9marrage automatique (test op\u00e9rationnel de toutes les fr\u00e9quences)<\/li>\n<li>Non d\u00e9tectable \u00e9lectroniquement !<\/li>\n<li>Branchement : simplement sur l&rsquo;allume-cigare (12 V)<\/li>\n<\/ul>\n","protected":false},"excerpt":{"rendered":"<p><strong>LE MEILLEUR D\u00c9TECTEUR DE RADAR D&rsquo;ENTR\u00c9E DE GAMME<\/strong><\/p>\n<ul>\n<li>D\u00e9tecteur de radars Whistler GT 138 Xi pour le tableau de bord<\/li>\n<li>avertit des pi\u00e8ges \u00e0 radar mobiles<\/li>\n<li>avertit des pistolets laser<\/li>\n<li>Type d&rsquo;installation : Cockpit<\/li>\n<\/ul>\n","protected":false},"featured_media":911,"comment_status":"open","ping_status":"closed","template":"","meta":{"_kad_post_transparent":"default","_kad_post_title":"","_kad_post_layout":"default","_kad_post_sidebar_id":"","_kad_post_content_style":"default","_kad_post_vertical_padding":"default","_kad_post_feature":"","_kad_post_feature_position":"","_kad_post_header":false,"_kad_post_footer":false,"_kad_post_classname":""},"product_brand":[],"product_cat":[64],"product_tag":[],"class_list":{"0":"post-1075","1":"product","2":"type-product","3":"status-publish","4":"has-post-thumbnail","6":"product_cat-detecteurs-de-radar-et-de-laser","8":"first","9":"instock","10":"sale","11":"shipping-taxable","12":"purchasable","13":"product-type-simple","14":"entry","15":"content-bg","16":"loop-entry"},"yoast_head":"<!-- This site is optimized with the Yoast SEO plugin v26.7 - https:\/\/yoast.com\/wordpress\/plugins\/seo\/ -->\n<title>WHISTLER GT-138 XI \u00c9DITION FRANCE - WHISTLER RADAR EU<\/title>\n<meta name=\"robots\" content=\"index, follow, max-snippet:-1, max-image-preview:large, max-video-preview:-1\" \/>\n<link rel=\"canonical\" href=\"https:\/\/www.whistler-radar.eu\/produkt\/whistler-gt-138-xi-euro\/\" \/>\n<meta property=\"og:locale\" content=\"fr_FR\" \/>\n<meta property=\"og:type\" content=\"article\" \/>\n<meta property=\"og:title\" content=\"WHISTLER GT-138 XI \u00c9DITION FRANCE - WHISTLER RADAR EU\" \/>\n<meta property=\"og:description\" content=\"LE MEILLEUR D\u00c9TECTEUR DE RADAR D&#039;ENTR\u00c9E DE GAMME   D\u00e9tecteur de radars Whistler GT 138 Xi pour le tableau de bord  avertit des pi\u00e8ges \u00e0 radar mobiles  avertit des pistolets laser  Type d&#039;installation : Cockpit\" \/>\n<meta property=\"og:url\" content=\"https:\/\/www.whistler-radar.eu\/produkt\/whistler-gt-138-xi-euro\/\" \/>\n<meta property=\"og:site_name\" content=\"WHISTLER RADAR EU\" \/>\n<meta property=\"article:modified_time\" content=\"2024-11-16T14:35:55+00:00\" \/>\n<meta property=\"og:image\" content=\"https:\/\/www.whistler-radar.eu\/wp-content\/uploads\/2020\/10\/Whistler-GT-138Xi.png\" \/>\n\t<meta property=\"og:image:width\" content=\"480\" \/>\n\t<meta property=\"og:image:height\" content=\"300\" \/>\n\t<meta property=\"og:image:type\" content=\"image\/png\" \/>\n<meta name=\"twitter:card\" content=\"summary_large_image\" \/>\n<meta name=\"twitter:label1\" content=\"Dur\u00e9e de lecture estim\u00e9e\" \/>\n\t<meta name=\"twitter:data1\" content=\"1 minute\" \/>\n<script type=\"application\/ld+json\" class=\"yoast-schema-graph\">{\"@context\":\"https:\/\/schema.org\",\"@graph\":[{\"@type\":\"WebPage\",\"@id\":\"https:\/\/www.whistler-radar.eu\/produkt\/whistler-gt-138-xi-euro\/\",\"url\":\"https:\/\/www.whistler-radar.eu\/produkt\/whistler-gt-138-xi-euro\/\",\"name\":\"WHISTLER GT-138 XI \u00c9DITION FRANCE - WHISTLER RADAR EU\",\"isPartOf\":{\"@id\":\"https:\/\/www.whistler-radar.eu\/#website\"},\"primaryImageOfPage\":{\"@id\":\"https:\/\/www.whistler-radar.eu\/produkt\/whistler-gt-138-xi-euro\/#primaryimage\"},\"image\":{\"@id\":\"https:\/\/www.whistler-radar.eu\/produkt\/whistler-gt-138-xi-euro\/#primaryimage\"},\"thumbnailUrl\":\"https:\/\/www.whistler-radar.eu\/wp-content\/uploads\/2020\/10\/Whistler-GT-138Xi.png\",\"datePublished\":\"2020-10-01T23:02:45+00:00\",\"dateModified\":\"2024-11-16T14:35:55+00:00\",\"breadcrumb\":{\"@id\":\"https:\/\/www.whistler-radar.eu\/produkt\/whistler-gt-138-xi-euro\/#breadcrumb\"},\"inLanguage\":\"fr-FR\",\"potentialAction\":[{\"@type\":\"ReadAction\",\"target\":[\"https:\/\/www.whistler-radar.eu\/produkt\/whistler-gt-138-xi-euro\/\"]}]},{\"@type\":\"ImageObject\",\"inLanguage\":\"fr-FR\",\"@id\":\"https:\/\/www.whistler-radar.eu\/produkt\/whistler-gt-138-xi-euro\/#primaryimage\",\"url\":\"https:\/\/www.whistler-radar.eu\/wp-content\/uploads\/2020\/10\/Whistler-GT-138Xi.png\",\"contentUrl\":\"https:\/\/www.whistler-radar.eu\/wp-content\/uploads\/2020\/10\/Whistler-GT-138Xi.png\",\"width\":480,\"height\":300},{\"@type\":\"BreadcrumbList\",\"@id\":\"https:\/\/www.whistler-radar.eu\/produkt\/whistler-gt-138-xi-euro\/#breadcrumb\",\"itemListElement\":[{\"@type\":\"ListItem\",\"position\":1,\"name\":\"Startseite\",\"item\":\"https:\/\/www.whistler-radar.eu\/fr\/\"},{\"@type\":\"ListItem\",\"position\":2,\"name\":\"Boutique\",\"item\":\"https:\/\/www.whistler-radar.eu\/fr\/boutique\/\"},{\"@type\":\"ListItem\",\"position\":3,\"name\":\"WHISTLER GT-138 XI \u00c9DITION FRANCE\"}]},{\"@type\":\"WebSite\",\"@id\":\"https:\/\/www.whistler-radar.eu\/#website\",\"url\":\"https:\/\/www.whistler-radar.eu\/\",\"name\":\"WHISTLER RADAR EU\",\"description\":\"\",\"publisher\":{\"@id\":\"https:\/\/www.whistler-radar.eu\/#organization\"},\"potentialAction\":[{\"@type\":\"SearchAction\",\"target\":{\"@type\":\"EntryPoint\",\"urlTemplate\":\"https:\/\/www.whistler-radar.eu\/?s={search_term_string}\"},\"query-input\":{\"@type\":\"PropertyValueSpecification\",\"valueRequired\":true,\"valueName\":\"search_term_string\"}}],\"inLanguage\":\"fr-FR\"},{\"@type\":\"Organization\",\"@id\":\"https:\/\/www.whistler-radar.eu\/#organization\",\"name\":\"WHISTLER RADAR EU\",\"url\":\"https:\/\/www.whistler-radar.eu\/\",\"logo\":{\"@type\":\"ImageObject\",\"inLanguage\":\"fr-FR\",\"@id\":\"https:\/\/www.whistler-radar.eu\/#\/schema\/logo\/image\/\",\"url\":\"https:\/\/www.whistler-radar.eu\/wp-content\/uploads\/2020\/10\/whistler-radar-eu.png\",\"contentUrl\":\"https:\/\/www.whistler-radar.eu\/wp-content\/uploads\/2020\/10\/whistler-radar-eu.png\",\"width\":1024,\"height\":273,\"caption\":\"WHISTLER RADAR EU\"},\"image\":{\"@id\":\"https:\/\/www.whistler-radar.eu\/#\/schema\/logo\/image\/\"}}]}<\/script>\n<!-- \/ Yoast SEO plugin. -->","yoast_head_json":{"title":"WHISTLER GT-138 XI \u00c9DITION FRANCE - WHISTLER RADAR EU","robots":{"index":"index","follow":"follow","max-snippet":"max-snippet:-1","max-image-preview":"max-image-preview:large","max-video-preview":"max-video-preview:-1"},"canonical":"https:\/\/www.whistler-radar.eu\/produkt\/whistler-gt-138-xi-euro\/","og_locale":"fr_FR","og_type":"article","og_title":"WHISTLER GT-138 XI \u00c9DITION FRANCE - WHISTLER RADAR EU","og_description":"LE MEILLEUR D\u00c9TECTEUR DE RADAR D'ENTR\u00c9E DE GAMME   D\u00e9tecteur de radars Whistler GT 138 Xi pour le tableau de bord  avertit des pi\u00e8ges \u00e0 radar mobiles  avertit des pistolets laser  Type d'installation : Cockpit","og_url":"https:\/\/www.whistler-radar.eu\/produkt\/whistler-gt-138-xi-euro\/","og_site_name":"WHISTLER RADAR EU","article_modified_time":"2024-11-16T14:35:55+00:00","og_image":[{"width":480,"height":300,"url":"https:\/\/www.whistler-radar.eu\/wp-content\/uploads\/2020\/10\/Whistler-GT-138Xi.png","type":"image\/png"}],"twitter_card":"summary_large_image","twitter_misc":{"Dur\u00e9e de lecture estim\u00e9e":"1 minute"},"schema":{"@context":"https:\/\/schema.org","@graph":[{"@type":"WebPage","@id":"https:\/\/www.whistler-radar.eu\/produkt\/whistler-gt-138-xi-euro\/","url":"https:\/\/www.whistler-radar.eu\/produkt\/whistler-gt-138-xi-euro\/","name":"WHISTLER GT-138 XI \u00c9DITION FRANCE - WHISTLER RADAR EU","isPartOf":{"@id":"https:\/\/www.whistler-radar.eu\/#website"},"primaryImageOfPage":{"@id":"https:\/\/www.whistler-radar.eu\/produkt\/whistler-gt-138-xi-euro\/#primaryimage"},"image":{"@id":"https:\/\/www.whistler-radar.eu\/produkt\/whistler-gt-138-xi-euro\/#primaryimage"},"thumbnailUrl":"https:\/\/www.whistler-radar.eu\/wp-content\/uploads\/2020\/10\/Whistler-GT-138Xi.png","datePublished":"2020-10-01T23:02:45+00:00","dateModified":"2024-11-16T14:35:55+00:00","breadcrumb":{"@id":"https:\/\/www.whistler-radar.eu\/produkt\/whistler-gt-138-xi-euro\/#breadcrumb"},"inLanguage":"fr-FR","potentialAction":[{"@type":"ReadAction","target":["https:\/\/www.whistler-radar.eu\/produkt\/whistler-gt-138-xi-euro\/"]}]},{"@type":"ImageObject","inLanguage":"fr-FR","@id":"https:\/\/www.whistler-radar.eu\/produkt\/whistler-gt-138-xi-euro\/#primaryimage","url":"https:\/\/www.whistler-radar.eu\/wp-content\/uploads\/2020\/10\/Whistler-GT-138Xi.png","contentUrl":"https:\/\/www.whistler-radar.eu\/wp-content\/uploads\/2020\/10\/Whistler-GT-138Xi.png","width":480,"height":300},{"@type":"BreadcrumbList","@id":"https:\/\/www.whistler-radar.eu\/produkt\/whistler-gt-138-xi-euro\/#breadcrumb","itemListElement":[{"@type":"ListItem","position":1,"name":"Startseite","item":"https:\/\/www.whistler-radar.eu\/fr\/"},{"@type":"ListItem","position":2,"name":"Boutique","item":"https:\/\/www.whistler-radar.eu\/fr\/boutique\/"},{"@type":"ListItem","position":3,"name":"WHISTLER GT-138 XI \u00c9DITION FRANCE"}]},{"@type":"WebSite","@id":"https:\/\/www.whistler-radar.eu\/#website","url":"https:\/\/www.whistler-radar.eu\/","name":"WHISTLER RADAR EU","description":"","publisher":{"@id":"https:\/\/www.whistler-radar.eu\/#organization"},"potentialAction":[{"@type":"SearchAction","target":{"@type":"EntryPoint","urlTemplate":"https:\/\/www.whistler-radar.eu\/?s={search_term_string}"},"query-input":{"@type":"PropertyValueSpecification","valueRequired":true,"valueName":"search_term_string"}}],"inLanguage":"fr-FR"},{"@type":"Organization","@id":"https:\/\/www.whistler-radar.eu\/#organization","name":"WHISTLER RADAR EU","url":"https:\/\/www.whistler-radar.eu\/","logo":{"@type":"ImageObject","inLanguage":"fr-FR","@id":"https:\/\/www.whistler-radar.eu\/#\/schema\/logo\/image\/","url":"https:\/\/www.whistler-radar.eu\/wp-content\/uploads\/2020\/10\/whistler-radar-eu.png","contentUrl":"https:\/\/www.whistler-radar.eu\/wp-content\/uploads\/2020\/10\/whistler-radar-eu.png","width":1024,"height":273,"caption":"WHISTLER RADAR EU"},"image":{"@id":"https:\/\/www.whistler-radar.eu\/#\/schema\/logo\/image\/"}}]}},"_links":{"self":[{"href":"https:\/\/www.whistler-radar.eu\/fr\/wp-json\/wp\/v2\/product\/1075","targetHints":{"allow":["GET"]}}],"collection":[{"href":"https:\/\/www.whistler-radar.eu\/fr\/wp-json\/wp\/v2\/product"}],"about":[{"href":"https:\/\/www.whistler-radar.eu\/fr\/wp-json\/wp\/v2\/types\/product"}],"replies":[{"embeddable":true,"href":"https:\/\/www.whistler-radar.eu\/fr\/wp-json\/wp\/v2\/comments?post=1075"}],"wp:featuredmedia":[{"embeddable":true,"href":"https:\/\/www.whistler-radar.eu\/fr\/wp-json\/wp\/v2\/media\/911"}],"wp:attachment":[{"href":"https:\/\/www.whistler-radar.eu\/fr\/wp-json\/wp\/v2\/media?parent=1075"}],"wp:term":[{"taxonomy":"product_brand","embeddable":true,"href":"https:\/\/www.whistler-radar.eu\/fr\/wp-json\/wp\/v2\/product_brand?post=1075"},{"taxonomy":"product_cat","embeddable":true,"href":"https:\/\/www.whistler-radar.eu\/fr\/wp-json\/wp\/v2\/product_cat?post=1075"},{"taxonomy":"product_tag","embeddable":true,"href":"https:\/\/www.whistler-radar.eu\/fr\/wp-json\/wp\/v2\/product_tag?post=1075"}],"curies":[{"name":"wp","href":"https:\/\/api.w.org\/{rel}","templated":true}]}}